{"id":13,"date":"2026-03-05T11:57:16","date_gmt":"2026-03-05T11:57:16","guid":{"rendered":"https:\/\/84cd8dc6d7.0ae.mcms.ovh.net\/?page_id=13"},"modified":"2026-03-16T11:09:31","modified_gmt":"2026-03-16T11:09:31","slug":"accueil","status":"publish","type":"page","link":"https:\/\/84cd8dc6d7.0ae.mcms.ovh.net\/","title":{"rendered":"Accueil"},"content":{"rendered":"\t\t<div data-elementor-type=\"wp-page\" data-elementor-id=\"13\" class=\"elementor elementor-13\" data-elementor-post-type=\"page\">\n\t\t\t\t<div class=\"elementor-element elementor-element-850e31a e-flex e-con-boxed e-con e-parent\" data-id=\"850e31a\" data-element_type=\"container\" data-e-type=\"container\" data-settings=\"{&quot;background_background&quot;:&quot;classic&quot;}\">\n\t\t\t\t\t<div class=\"e-con-inner\">\n\t\t\t\t<div class=\"elementor-element elementor-element-12d9c64 elementor-widget elementor-widget-n-accordion\" data-id=\"12d9c64\" data-element_type=\"widget\" data-e-type=\"widget\" data-settings=\"{&quot;n_accordion_animation_duration&quot;:{&quot;unit&quot;:&quot;ms&quot;,&quot;size&quot;:350,&quot;sizes&quot;:[]},&quot;default_state&quot;:&quot;expanded&quot;,&quot;max_items_expended&quot;:&quot;one&quot;}\" data-widget_type=\"nested-accordion.default\">\n\t\t\t\t\t\t\t<div class=\"e-n-accordion\" aria-label=\"Accordion. Open links with Enter or Space, close with Escape, and navigate with Arrow Keys\">\n\t\t\t\t\t\t<details id=\"e-n-accordion-item-1970\" class=\"e-n-accordion-item\" open>\n\t\t\t\t<summary class=\"e-n-accordion-item-title\" data-accordion-index=\"1\" tabindex=\"0\" aria-expanded=\"true\" aria-controls=\"e-n-accordion-item-1970\" >\n\t\t\t\t\t<span class='e-n-accordion-item-title-header'><div class=\"e-n-accordion-item-title-text\"> 01 \u2014 NOS SERVICES <\/div><\/span>\n\t\t\t\t\t\t\t<span class='e-n-accordion-item-title-icon'>\n\t\t\t<span class='e-opened' ><svg xmlns=\"http:\/\/www.w3.org\/2000\/svg\" id=\"Layer_1\" viewBox=\"0 0 150 150\"><defs><style>      .st0 {        fill: none;        stroke: #231f20;        stroke-linecap: round;        stroke-miterlimit: 10;        stroke-width: 10px;      }    <\/style><\/defs><polyline class=\"st0\" points=\"24.19 64.99 75 14.18 125.81 64.99\"><\/polyline><line class=\"st0\" x1=\"75\" y1=\"14.18\" x2=\"75\" y2=\"135.82\"><\/line><\/svg><\/span>\n\t\t\t<span class='e-closed'><svg xmlns=\"http:\/\/www.w3.org\/2000\/svg\" id=\"Layer_1\" viewBox=\"0 0 150 150\"><defs><style>      .st0 {        fill: none;        stroke: #231f20;        stroke-linecap: round;        stroke-miterlimit: 10;        stroke-width: 10px;      }    <\/style><\/defs><polyline class=\"st0\" points=\"125.81 85.01 75 135.82 24.19 85.01\"><\/polyline><line class=\"st0\" x1=\"75\" y1=\"135.82\" x2=\"75\" y2=\"14.18\"><\/line><\/svg><\/span>\n\t\t<\/span>\n\n\t\t\t\t\t\t<\/summary>\n\t\t\t\t<div role=\"region\" aria-labelledby=\"e-n-accordion-item-1970\" class=\"elementor-element elementor-element-022df04 e-flex e-con-boxed e-con e-child\" data-id=\"022df04\" data-element_type=\"container\" data-e-type=\"container\">\n\t\t\t\t\t<div class=\"e-con-inner\">\n\t\t\t\t<div class=\"elementor-element elementor-element-e0f7182 elementor-drop-cap-yes elementor-drop-cap-view-default elementor-widget elementor-widget-text-editor\" data-id=\"e0f7182\" data-element_type=\"widget\" data-e-type=\"widget\" data-settings=\"{&quot;drop_cap&quot;:&quot;yes&quot;}\" data-widget_type=\"text-editor.default\">\n\t\t\t\t\t\t\t\t\t<p>Paradoxa intervient \u00e0 l\u2019interface entre strat\u00e9gie de marque, concept et ex\u00e9cution en boutique pour structurer vos cadres existants et les rendre imm\u00e9diatement d\u00e9ployables et coh\u00e9rents.<\/p><p>Vos concepts retail prennent vie gr\u00e2ce \u00e0 nos guidelines op\u00e9rationnelles sur mesure, visualisations 3D, plans et supports d\u2019activation, con\u00e7us dans le strict respect de votre identit\u00e9 de marque, de vos codes graphiques, de la faisabilit\u00e9 technique et des contraintes du terrain.<\/p>\t\t\t\t\t\t\t\t<\/div>\n\t\t\t\t\t<\/div>\n\t\t\t\t<\/div>\n\t\t\t\t\t<\/details>\n\t\t\t\t\t\t<details id=\"e-n-accordion-item-1971\" class=\"e-n-accordion-item\" >\n\t\t\t\t<summary class=\"e-n-accordion-item-title\" data-accordion-index=\"2\" tabindex=\"-1\" aria-expanded=\"false\" aria-controls=\"e-n-accordion-item-1971\" >\n\t\t\t\t\t<span class='e-n-accordion-item-title-header'><div class=\"e-n-accordion-item-title-text\"> 02 \u2014 LA DISCR\u00c9TION COMME PRINCIPE <\/div><\/span>\n\t\t\t\t\t\t\t<span class='e-n-accordion-item-title-icon'>\n\t\t\t<span class='e-opened' ><svg xmlns=\"http:\/\/www.w3.org\/2000\/svg\" id=\"Layer_1\" viewBox=\"0 0 150 150\"><defs><style>      .st0 {        fill: none;        stroke: #231f20;        stroke-linecap: round;        stroke-miterlimit: 10;        stroke-width: 10px;      }    <\/style><\/defs><polyline class=\"st0\" points=\"24.19 64.99 75 14.18 125.81 64.99\"><\/polyline><line class=\"st0\" x1=\"75\" y1=\"14.18\" x2=\"75\" y2=\"135.82\"><\/line><\/svg><\/span>\n\t\t\t<span class='e-closed'><svg xmlns=\"http:\/\/www.w3.org\/2000\/svg\" id=\"Layer_1\" viewBox=\"0 0 150 150\"><defs><style>      .st0 {        fill: none;        stroke: #231f20;        stroke-linecap: round;        stroke-miterlimit: 10;        stroke-width: 10px;      }    <\/style><\/defs><polyline class=\"st0\" points=\"125.81 85.01 75 135.82 24.19 85.01\"><\/polyline><line class=\"st0\" x1=\"75\" y1=\"135.82\" x2=\"75\" y2=\"14.18\"><\/line><\/svg><\/span>\n\t\t<\/span>\n\n\t\t\t\t\t\t<\/summary>\n\t\t\t\t<div role=\"region\" aria-labelledby=\"e-n-accordion-item-1971\" class=\"elementor-element elementor-element-1b6b668 e-flex e-con-boxed e-con e-child\" data-id=\"1b6b668\" data-element_type=\"container\" data-e-type=\"container\">\n\t\t\t\t\t<div class=\"e-con-inner\">\n\t\t\t\t<div class=\"elementor-element elementor-element-43578de elementor-widget elementor-widget-text-editor\" data-id=\"43578de\" data-element_type=\"widget\" data-e-type=\"widget\" data-widget_type=\"text-editor.default\">\n\t\t\t\t\t\t\t\t\t<p>Nous travaillons g\u00e9n\u00e9ralement par recommandations, au sein d\u2019un r\u00e9seau construit depuis plus de dix ans, aux c\u00f4t\u00e9s de marques et de maisons d\u2019envergure internationale dont nous respectons la confidentialit\u00e9.<\/p><p>Cette volont\u00e9 de discr\u00e9tion fait partie int\u00e9grante de notre d\u00e9marche et des relations de confiance que nous cultivons avec nos clients.<\/p>\t\t\t\t\t\t\t\t<\/div>\n\t\t\t\t\t<\/div>\n\t\t\t\t<\/div>\n\t\t\t\t\t<\/details>\n\t\t\t\t\t\t<details id=\"e-n-accordion-item-1972\" class=\"e-n-accordion-item\" >\n\t\t\t\t<summary class=\"e-n-accordion-item-title\" data-accordion-index=\"3\" tabindex=\"-1\" aria-expanded=\"false\" aria-controls=\"e-n-accordion-item-1972\" >\n\t\t\t\t\t<span class='e-n-accordion-item-title-header'><div class=\"e-n-accordion-item-title-text\"> 03 \u2014 QUI NOUS SOMMES <\/div><\/span>\n\t\t\t\t\t\t\t<span class='e-n-accordion-item-title-icon'>\n\t\t\t<span class='e-opened' ><svg xmlns=\"http:\/\/www.w3.org\/2000\/svg\" id=\"Layer_1\" viewBox=\"0 0 150 150\"><defs><style>      .st0 {        fill: none;        stroke: #231f20;        stroke-linecap: round;        stroke-miterlimit: 10;        stroke-width: 10px;      }    <\/style><\/defs><polyline class=\"st0\" points=\"24.19 64.99 75 14.18 125.81 64.99\"><\/polyline><line class=\"st0\" x1=\"75\" y1=\"14.18\" x2=\"75\" y2=\"135.82\"><\/line><\/svg><\/span>\n\t\t\t<span class='e-closed'><svg xmlns=\"http:\/\/www.w3.org\/2000\/svg\" id=\"Layer_1\" viewBox=\"0 0 150 150\"><defs><style>      .st0 {        fill: none;        stroke: #231f20;        stroke-linecap: round;        stroke-miterlimit: 10;        stroke-width: 10px;      }    <\/style><\/defs><polyline class=\"st0\" points=\"125.81 85.01 75 135.82 24.19 85.01\"><\/polyline><line class=\"st0\" x1=\"75\" y1=\"135.82\" x2=\"75\" y2=\"14.18\"><\/line><\/svg><\/span>\n\t\t<\/span>\n\n\t\t\t\t\t\t<\/summary>\n\t\t\t\t<div role=\"region\" aria-labelledby=\"e-n-accordion-item-1972\" class=\"elementor-element elementor-element-232b69f e-flex e-con-boxed e-con e-child\" data-id=\"232b69f\" data-element_type=\"container\" data-e-type=\"container\">\n\t\t\t\t\t<div class=\"e-con-inner\">\n\t\t\t\t<div class=\"elementor-element elementor-element-50f38f2 elementor-widget elementor-widget-text-editor\" data-id=\"50f38f2\" data-element_type=\"widget\" data-e-type=\"widget\" data-widget_type=\"text-editor.default\">\n\t\t\t\t\t\t\t\t\t<p>Paradoxa est une structure ind\u00e9pendante \u00e0 taille humaine, pens\u00e9e pour allier rigueur et souplesse.<\/p><p>Nous privil\u00e9gions un fonctionnement direct, agile et impliqu\u00e9, assurant r\u00e9activit\u00e9, adaptabilit\u00e9 et attention particuli\u00e8re port\u00e9e \u00e0 vos enjeux de marque.<\/p><p>Gr\u00e2ce \u00e0 un r\u00e9seau de partenaires s\u00e9lectionn\u00e9s et pilot\u00e9s avec exigence, nous menons des projets complexes et des d\u00e9ploiements multiples, sans jamais compromettre la coh\u00e9rence, la qualit\u00e9 ni la pr\u00e9cision des livrables.<\/p>\t\t\t\t\t\t\t\t<\/div>\n\t\t\t\t\t<\/div>\n\t\t\t\t<\/div>\n\t\t\t\t\t<\/details>\n\t\t\t\t\t\t<details id=\"e-n-accordion-item-1973\" class=\"e-n-accordion-item\" >\n\t\t\t\t<summary class=\"e-n-accordion-item-title\" data-accordion-index=\"4\" tabindex=\"-1\" aria-expanded=\"false\" aria-controls=\"e-n-accordion-item-1973\" >\n\t\t\t\t\t<span class='e-n-accordion-item-title-header'><div class=\"e-n-accordion-item-title-text\"> 04 \u2014 TRAVAILLONS ENSEMBLE <\/div><\/span>\n\t\t\t\t\t\t\t<span class='e-n-accordion-item-title-icon'>\n\t\t\t<span class='e-opened' ><svg xmlns=\"http:\/\/www.w3.org\/2000\/svg\" id=\"Layer_1\" viewBox=\"0 0 150 150\"><defs><style>      .st0 {        fill: none;        stroke: #231f20;        stroke-linecap: round;        stroke-miterlimit: 10;        stroke-width: 10px;      }    <\/style><\/defs><polyline class=\"st0\" points=\"24.19 64.99 75 14.18 125.81 64.99\"><\/polyline><line class=\"st0\" x1=\"75\" y1=\"14.18\" x2=\"75\" y2=\"135.82\"><\/line><\/svg><\/span>\n\t\t\t<span class='e-closed'><svg xmlns=\"http:\/\/www.w3.org\/2000\/svg\" id=\"Layer_1\" viewBox=\"0 0 150 150\"><defs><style>      .st0 {        fill: none;        stroke: #231f20;        stroke-linecap: round;        stroke-miterlimit: 10;        stroke-width: 10px;      }    <\/style><\/defs><polyline class=\"st0\" points=\"125.81 85.01 75 135.82 24.19 85.01\"><\/polyline><line class=\"st0\" x1=\"75\" y1=\"135.82\" x2=\"75\" y2=\"14.18\"><\/line><\/svg><\/span>\n\t\t<\/span>\n\n\t\t\t\t\t\t<\/summary>\n\t\t\t\t<div role=\"region\" aria-labelledby=\"e-n-accordion-item-1973\" class=\"elementor-element elementor-element-f9f7889 e-flex e-con-boxed e-con e-child\" data-id=\"f9f7889\" data-element_type=\"container\" data-e-type=\"container\">\n\t\t\t\t\t<div class=\"e-con-inner\">\n\t\t\t\t<div class=\"elementor-element elementor-element-466ee8b elementor-widget elementor-widget-text-editor\" data-id=\"466ee8b\" data-element_type=\"widget\" data-e-type=\"widget\" data-widget_type=\"text-editor.default\">\n\t\t\t\t\t\t\t\t\t<p><a href=\"mailto:&quot;info@byparadoxa.fr&quot;\">Contactez-nous<\/a> pour en savoir plus sur notre approche<br \/>ou explorer une collaboration.<\/p>\t\t\t\t\t\t\t\t<\/div>\n\t\t\t\t<div class=\"elementor-element elementor-element-c4d1fae elementor-widget elementor-widget-text-editor\" data-id=\"c4d1fae\" data-element_type=\"widget\" data-e-type=\"widget\" data-widget_type=\"text-editor.default\">\n\t\t\t\t\t\t\t\t\t<p>Direction cr\u00e9ative<\/p>\t\t\t\t\t\t\t\t<\/div>\n\t\t\t\t<div class=\"elementor-element elementor-element-b7e8a07 elementor-widget elementor-widget-text-editor\" data-id=\"b7e8a07\" data-element_type=\"widget\" data-e-type=\"widget\" data-widget_type=\"text-editor.default\">\n\t\t\t\t\t\t\t\t\t<h6>L\u00e9once<\/h6><p>Directeur principal<br \/>Syst\u00e8mes retail &amp; d\u00e9ploiement<\/p>\t\t\t\t\t\t\t\t<\/div>\n\t\t\t\t<div class=\"elementor-element elementor-element-66b61ea elementor-widget elementor-widget-text-editor\" data-id=\"66b61ea\" data-element_type=\"widget\" data-e-type=\"widget\" data-widget_type=\"text-editor.default\">\n\t\t\t\t\t\t\t\t\t<h6>Thomas<\/h6><p>Directeur associ\u00e9<br \/>Syst\u00e8mes visuels &amp; identit\u00e9<\/p>\t\t\t\t\t\t\t\t<\/div>\n\t\t\t\t<div class=\"elementor-element elementor-element-528e29c elementor-widget elementor-widget-image\" data-id=\"528e29c\" data-element_type=\"widget\" data-e-type=\"widget\" data-widget_type=\"image.default\">\n\t\t\t\t\t\t\t\t\t\t\t\t\t\t\t<img fetchpriority=\"high\" decoding=\"async\" width=\"400\" height=\"400\" src=\"https:\/\/84cd8dc6d7.0ae.mcms.ovh.net\/wp-content\/uploads\/2026\/03\/Animated-Logo-V1-1.gif\" class=\"attachment-full size-full wp-image-535\" alt=\"\" \/>\t\t\t\t\t\t\t\t\t\t\t\t\t\t\t<\/div>\n\t\t\t\t<div class=\"elementor-element elementor-element-f7085d4 elementor-hidden-desktop elementor-hidden-tablet elementor-hidden-mobile elementor-view-default elementor-widget elementor-widget-icon\" data-id=\"f7085d4\" data-element_type=\"widget\" data-e-type=\"widget\" data-widget_type=\"icon.default\">\n\t\t\t\t\t\t\t<div class=\"elementor-icon-wrapper\">\n\t\t\t<div class=\"elementor-icon\">\n\t\t\t<svg xmlns=\"http:\/\/www.w3.org\/2000\/svg\" id=\"Layer_1\" viewBox=\"0 0 44.67 44.67\"><path d=\"M38.65,38.65h-13.98v-4.66h9.32V10.68H10.68v18.64h-4.66V6.02h32.62v32.62ZM20,29.33h9.32v-13.98h-13.98v23.3h4.66v-9.32ZM20,20h4.66v4.66h-4.66v-4.66ZM10.68,33.99h-4.66v4.66h4.66v-4.66Z\"><\/path><\/svg>\t\t\t<\/div>\n\t\t<\/div>\n\t\t\t\t\t\t<\/div>\n\t\t\t\t\t<\/div>\n\t\t\t\t<\/div>\n\t\t\t\t\t<\/details>\n\t\t\t\t\t<\/div>\n\t\t\t\t\t\t<\/div>\n\t\t\t\t\t<\/div>\n\t\t\t\t<\/div>\n\t\t\t\t<\/div>\n\t\t","protected":false},"excerpt":{"rendered":"<p>01 \u2014 NOS SERVICES Paradoxa intervient \u00e0 l\u2019interface entre strat\u00e9gie de marque, concept et ex\u00e9cution en boutique pour structurer vos cadres existants et les rendre imm\u00e9diatement d\u00e9ployables et coh\u00e9rents. Vos concepts retail prennent vie gr\u00e2ce \u00e0 nos guidelines op\u00e9rationnelles sur mesure, visualisations 3D, plans et supports d\u2019activation, con\u00e7us dans le strict respect de votre identit\u00e9 [&hellip;]<\/p>\n","protected":false},"author":1,"featured_media":0,"parent":0,"menu_order":0,"comment_status":"closed","ping_status":"closed","template":"","meta":{"footnotes":""},"class_list":["post-13","page","type-page","status-publish","hentry"],"_links":{"self":[{"href":"https:\/\/84cd8dc6d7.0ae.mcms.ovh.net\/index.php?rest_route=\/wp\/v2\/pages\/13","targetHints":{"allow":["GET"]}}],"collection":[{"href":"https:\/\/84cd8dc6d7.0ae.mcms.ovh.net\/index.php?rest_route=\/wp\/v2\/pages"}],"about":[{"href":"https:\/\/84cd8dc6d7.0ae.mcms.ovh.net\/index.php?rest_route=\/wp\/v2\/types\/page"}],"author":[{"embeddable":true,"href":"https:\/\/84cd8dc6d7.0ae.mcms.ovh.net\/index.php?rest_route=\/wp\/v2\/users\/1"}],"replies":[{"embeddable":true,"href":"https:\/\/84cd8dc6d7.0ae.mcms.ovh.net\/index.php?rest_route=%2Fwp%2Fv2%2Fcomments&post=13"}],"version-history":[{"count":5,"href":"https:\/\/84cd8dc6d7.0ae.mcms.ovh.net\/index.php?rest_route=\/wp\/v2\/pages\/13\/revisions"}],"predecessor-version":[{"id":557,"href":"https:\/\/84cd8dc6d7.0ae.mcms.ovh.net\/index.php?rest_route=\/wp\/v2\/pages\/13\/revisions\/557"}],"wp:attachment":[{"href":"https:\/\/84cd8dc6d7.0ae.mcms.ovh.net\/index.php?rest_route=%2Fwp%2Fv2%2Fmedia&parent=13"}],"curies":[{"name":"wp","href":"https:\/\/api.w.org\/{rel}","templated":true}]}}