{"id":345,"date":"2026-03-14T18:46:59","date_gmt":"2026-03-14T18:46:59","guid":{"rendered":"https:\/\/84cd8dc6d7.0ae.mcms.ovh.net\/?page_id=345"},"modified":"2026-03-16T07:01:45","modified_gmt":"2026-03-16T07:01:45","slug":"elementor-page-345","status":"publish","type":"page","link":"https:\/\/84cd8dc6d7.0ae.mcms.ovh.net\/?page_id=345","title":{"rendered":"Infomations l\u00e9gales"},"content":{"rendered":"\t\t<div data-elementor-type=\"wp-page\" data-elementor-id=\"345\" class=\"elementor elementor-345\" data-elementor-post-type=\"page\">\n\t\t\t\t<div class=\"elementor-element elementor-element-3a46d39 e-flex e-con-boxed e-con e-parent\" data-id=\"3a46d39\" data-element_type=\"container\" data-e-type=\"container\" data-settings=\"{&quot;background_background&quot;:&quot;classic&quot;}\">\n\t\t\t\t\t<div class=\"e-con-inner\">\n\t\t<div class=\"elementor-element elementor-element-24340e3 e-con-full e-flex e-con e-child\" data-id=\"24340e3\" data-element_type=\"container\" data-e-type=\"container\">\n\t\t\t\t<div class=\"elementor-element elementor-element-b3b2d97 elementor-widget elementor-widget-heading\" data-id=\"b3b2d97\" data-element_type=\"widget\" data-e-type=\"widget\" data-widget_type=\"heading.default\">\n\t\t\t\t\t<h2 class=\"elementor-heading-title elementor-size-default\">MENTIONS L\u00c9GALES<\/h2>\t\t\t\t<\/div>\n\t\t\t\t<div class=\"elementor-element elementor-element-41b36d6 elementor-widget-divider--view-line elementor-widget elementor-widget-divider\" data-id=\"41b36d6\" data-element_type=\"widget\" data-e-type=\"widget\" data-widget_type=\"divider.default\">\n\t\t\t\t\t\t\t<div class=\"elementor-divider\">\n\t\t\t<span class=\"elementor-divider-separator\">\n\t\t\t\t\t\t<\/span>\n\t\t<\/div>\n\t\t\t\t\t\t<\/div>\n\t\t\t\t<div class=\"elementor-element elementor-element-57bc990 elementor-widget__width-initial elementor-widget elementor-widget-text-editor\" data-id=\"57bc990\" data-element_type=\"widget\" data-e-type=\"widget\" data-widget_type=\"text-editor.default\">\n\t\t\t\t\t\t\t\t\t<h6 data-start=\"640\" data-end=\"711\">\u00c9diteur du site<\/h6><p data-start=\"640\" data-end=\"711\">Paradoxa<br data-start=\"666\" data-end=\"669\" \/>[Nom Pr\u00e9nom]<br data-start=\"681\" data-end=\"684\" \/>[Adresse]<br data-start=\"693\" data-end=\"696\" \/>Email : [email]<\/p><h6 data-start=\"713\" data-end=\"755\">Directeur de la publication<\/h6><p data-start=\"713\" data-end=\"755\">[Nom Pr\u00e9nom]<\/p><p data-start=\"757\" data-end=\"832\">H\u00e9bergement<br data-start=\"768\" data-end=\"771\" \/>[Nom de l\u2019h\u00e9bergeur]<br data-start=\"791\" data-end=\"794\" \/>[Adresse de l\u2019h\u00e9bergeur]<br data-start=\"818\" data-end=\"821\" \/>[T\u00e9l\u00e9phone]<\/p><h6 data-start=\"834\" data-end=\"1126\">Propri\u00e9t\u00e9 intellectuelle<\/h6><p data-start=\"834\" data-end=\"1126\">L\u2019ensemble des contenus pr\u00e9sents sur ce site (textes, \u00e9l\u00e9ments graphiques, identit\u00e9 visuelle) est prot\u00e9g\u00e9 par les dispositions du Code de la propri\u00e9t\u00e9 intellectuelle.<\/p><p data-start=\"834\" data-end=\"1126\">Toute reproduction ou utilisation, totale ou partielle, sans autorisation pr\u00e9alable est interdite.<\/p>\t\t\t\t\t\t\t\t<\/div>\n\t\t\t\t<\/div>\n\t\t\t\t\t<\/div>\n\t\t\t\t<\/div>\n\t\t\t\t<\/div>\n\t\t","protected":false},"excerpt":{"rendered":"<p>MENTIONS L\u00c9GALES \u00c9diteur du site Paradoxa[Nom Pr\u00e9nom][Adresse]Email : [email] Directeur de la publication [Nom Pr\u00e9nom] H\u00e9bergement[Nom de l\u2019h\u00e9bergeur][Adresse de l\u2019h\u00e9bergeur][T\u00e9l\u00e9phone] Propri\u00e9t\u00e9 intellectuelle L\u2019ensemble des contenus pr\u00e9sents sur ce site (textes, \u00e9l\u00e9ments graphiques, identit\u00e9 visuelle) est prot\u00e9g\u00e9 par les dispositions du Code de la propri\u00e9t\u00e9 intellectuelle. Toute reproduction ou utilisation, totale ou partielle, sans autorisation pr\u00e9alable [&hellip;]<\/p>\n","protected":false},"author":1,"featured_media":0,"parent":0,"menu_order":0,"comment_status":"closed","ping_status":"closed","template":"elementor_header_footer","meta":{"footnotes":""},"class_list":["post-345","page","type-page","status-publish","hentry"],"_links":{"self":[{"href":"https:\/\/84cd8dc6d7.0ae.mcms.ovh.net\/index.php?rest_route=\/wp\/v2\/pages\/345","targetHints":{"allow":["GET"]}}],"collection":[{"href":"https:\/\/84cd8dc6d7.0ae.mcms.ovh.net\/index.php?rest_route=\/wp\/v2\/pages"}],"about":[{"href":"https:\/\/84cd8dc6d7.0ae.mcms.ovh.net\/index.php?rest_route=\/wp\/v2\/types\/page"}],"author":[{"embeddable":true,"href":"https:\/\/84cd8dc6d7.0ae.mcms.ovh.net\/index.php?rest_route=\/wp\/v2\/users\/1"}],"replies":[{"embeddable":true,"href":"https:\/\/84cd8dc6d7.0ae.mcms.ovh.net\/index.php?rest_route=%2Fwp%2Fv2%2Fcomments&post=345"}],"version-history":[{"count":5,"href":"https:\/\/84cd8dc6d7.0ae.mcms.ovh.net\/index.php?rest_route=\/wp\/v2\/pages\/345\/revisions"}],"predecessor-version":[{"id":507,"href":"https:\/\/84cd8dc6d7.0ae.mcms.ovh.net\/index.php?rest_route=\/wp\/v2\/pages\/345\/revisions\/507"}],"wp:attachment":[{"href":"https:\/\/84cd8dc6d7.0ae.mcms.ovh.net\/index.php?rest_route=%2Fwp%2Fv2%2Fmedia&parent=345"}],"curies":[{"name":"wp","href":"https:\/\/api.w.org\/{rel}","templated":true}]}}