{"id":368,"date":"2026-03-14T19:08:05","date_gmt":"2026-03-14T19:08:05","guid":{"rendered":"https:\/\/84cd8dc6d7.0ae.mcms.ovh.net\/?page_id=368"},"modified":"2026-03-16T07:02:42","modified_gmt":"2026-03-16T07:02:42","slug":"confidentialite","status":"publish","type":"page","link":"https:\/\/84cd8dc6d7.0ae.mcms.ovh.net\/?page_id=368","title":{"rendered":"Confidentialit\u00e9"},"content":{"rendered":"\t\t<div data-elementor-type=\"wp-page\" data-elementor-id=\"368\" class=\"elementor elementor-368\" data-elementor-post-type=\"page\">\n\t\t\t\t<div class=\"elementor-element elementor-element-3a46d39 e-flex e-con-boxed e-con e-parent\" data-id=\"3a46d39\" data-element_type=\"container\" data-e-type=\"container\" data-settings=\"{&quot;background_background&quot;:&quot;classic&quot;}\">\n\t\t\t\t\t<div class=\"e-con-inner\">\n\t\t<div class=\"elementor-element elementor-element-24340e3 e-con-full e-flex e-con e-child\" data-id=\"24340e3\" data-element_type=\"container\" data-e-type=\"container\">\n\t\t\t\t<div class=\"elementor-element elementor-element-b3b2d97 elementor-widget elementor-widget-heading\" data-id=\"b3b2d97\" data-element_type=\"widget\" data-e-type=\"widget\" data-widget_type=\"heading.default\">\n\t\t\t\t\t<h2 class=\"elementor-heading-title elementor-size-default\">POLITIQUE DE CONFIDENTIALIT\u00c9<\/h2>\t\t\t\t<\/div>\n\t\t\t\t<div class=\"elementor-element elementor-element-41b36d6 elementor-widget-divider--view-line elementor-widget elementor-widget-divider\" data-id=\"41b36d6\" data-element_type=\"widget\" data-e-type=\"widget\" data-widget_type=\"divider.default\">\n\t\t\t\t\t\t\t<div class=\"elementor-divider\">\n\t\t\t<span class=\"elementor-divider-separator\">\n\t\t\t\t\t\t<\/span>\n\t\t<\/div>\n\t\t\t\t\t\t<\/div>\n\t\t\t\t<div class=\"elementor-element elementor-element-57bc990 elementor-widget__width-initial elementor-widget elementor-widget-text-editor\" data-id=\"57bc990\" data-element_type=\"widget\" data-e-type=\"widget\" data-widget_type=\"text-editor.default\">\n\t\t\t\t\t\t\t\t\t<p data-start=\"1225\" data-end=\"1382\">Le site Paradoxa ne collecte des donn\u00e9es personnelles que dans le cadre des \u00e9changes initi\u00e9s par les utilisateurs (prise de contact par email ou formulaire).<\/p><p data-start=\"1384\" data-end=\"1513\">Les informations transmises sont utilis\u00e9es uniquement pour r\u00e9pondre aux demandes et ne font l\u2019objet d\u2019aucune cession \u00e0 des tiers.<\/p><p data-start=\"1515\" data-end=\"1684\">Conform\u00e9ment au R\u00e8glement g\u00e9n\u00e9ral sur la protection des donn\u00e9es (RGPD), vous disposez d\u2019un droit d\u2019acc\u00e8s, de rectification ou de suppression des donn\u00e9es vous concernant.<\/p><p data-start=\"1686\" data-end=\"1752\">Pour toute demande relative \u00e0 vos donn\u00e9es personnelles :<br data-start=\"1742\" data-end=\"1745\" \/><a href=\"mailto:info@byparadoxa.fr\">info@byparadoxa.fr<\/a><\/p>\t\t\t\t\t\t\t\t<\/div>\n\t\t\t\t<\/div>\n\t\t\t\t\t<\/div>\n\t\t\t\t<\/div>\n\t\t\t\t<\/div>\n\t\t","protected":false},"excerpt":{"rendered":"<p>POLITIQUE DE CONFIDENTIALIT\u00c9 Le site Paradoxa ne collecte des donn\u00e9es personnelles que dans le cadre des \u00e9changes initi\u00e9s par les utilisateurs (prise de contact par email ou formulaire). Les informations transmises sont utilis\u00e9es uniquement pour r\u00e9pondre aux demandes et ne font l\u2019objet d\u2019aucune cession \u00e0 des tiers. Conform\u00e9ment au R\u00e8glement g\u00e9n\u00e9ral sur la protection des [&hellip;]<\/p>\n","protected":false},"author":1,"featured_media":0,"parent":0,"menu_order":0,"comment_status":"closed","ping_status":"closed","template":"elementor_header_footer","meta":{"footnotes":""},"class_list":["post-368","page","type-page","status-publish","hentry"],"_links":{"self":[{"href":"https:\/\/84cd8dc6d7.0ae.mcms.ovh.net\/index.php?rest_route=\/wp\/v2\/pages\/368","targetHints":{"allow":["GET"]}}],"collection":[{"href":"https:\/\/84cd8dc6d7.0ae.mcms.ovh.net\/index.php?rest_route=\/wp\/v2\/pages"}],"about":[{"href":"https:\/\/84cd8dc6d7.0ae.mcms.ovh.net\/index.php?rest_route=\/wp\/v2\/types\/page"}],"author":[{"embeddable":true,"href":"https:\/\/84cd8dc6d7.0ae.mcms.ovh.net\/index.php?rest_route=\/wp\/v2\/users\/1"}],"replies":[{"embeddable":true,"href":"https:\/\/84cd8dc6d7.0ae.mcms.ovh.net\/index.php?rest_route=%2Fwp%2Fv2%2Fcomments&post=368"}],"version-history":[{"count":5,"href":"https:\/\/84cd8dc6d7.0ae.mcms.ovh.net\/index.php?rest_route=\/wp\/v2\/pages\/368\/revisions"}],"predecessor-version":[{"id":510,"href":"https:\/\/84cd8dc6d7.0ae.mcms.ovh.net\/index.php?rest_route=\/wp\/v2\/pages\/368\/revisions\/510"}],"wp:attachment":[{"href":"https:\/\/84cd8dc6d7.0ae.mcms.ovh.net\/index.php?rest_route=%2Fwp%2Fv2%2Fmedia&parent=368"}],"curies":[{"name":"wp","href":"https:\/\/api.w.org\/{rel}","templated":true}]}}